{"id":27,"date":"2023-10-15T21:34:36","date_gmt":"2023-10-15T19:34:36","guid":{"rendered":"http:\/\/192.168.1.215\/?page_id=27"},"modified":"2023-12-04T21:52:08","modified_gmt":"2023-12-04T19:52:08","slug":"qui-sommes-nous","status":"publish","type":"page","link":"https:\/\/www.laparentelevimory.fr\/?page_id=27","title":{"rendered":"Qui sommes-nous ?"},"content":{"rendered":"\n<ul class=\"has-large-font-size wp-block-list\">\n<li class=\"has-medium-font-size\">Qui est la Parent\u00e8le ?<br>La Parent\u00e8le est l\u2019association des parents d\u2019\u00e9l\u00e8ves des \u00e9coles de Vimory. <\/li>\n\n\n\n<li class=\"has-medium-font-size\">Que fait \u2013 elle ?<br>Elle organise et participe \u00e0 des \u00e9v\u00e9nements durant l\u2019ann\u00e9e scolaire.<\/li>\n<\/ul>\n\n\n\n<figure class=\"wp-block-image size-large is-resized\"><img loading=\"lazy\" decoding=\"async\" width=\"1024\" height=\"130\" src=\"https:\/\/www.laparentelevimory.fr\/wp-content\/uploads\/2023\/11\/bandeau-1024x130.png\" alt=\"bandeau\" class=\"wp-image-164\" style=\"width:904px;height:auto\" srcset=\"https:\/\/www.laparentelevimory.fr\/wp-content\/uploads\/2023\/11\/bandeau-1024x130.png 1024w, https:\/\/www.laparentelevimory.fr\/wp-content\/uploads\/2023\/11\/bandeau-300x38.png 300w, https:\/\/www.laparentelevimory.fr\/wp-content\/uploads\/2023\/11\/bandeau-768x98.png 768w, https:\/\/www.laparentelevimory.fr\/wp-content\/uploads\/2023\/11\/bandeau-1536x196.png 1536w, https:\/\/www.laparentelevimory.fr\/wp-content\/uploads\/2023\/11\/bandeau-2048x261.png 2048w, https:\/\/www.laparentelevimory.fr\/wp-content\/uploads\/2023\/11\/bandeau-600x76.png 600w\" sizes=\"auto, (max-width: 1024px) 100vw, 1024px\" \/><\/figure>\n\n\n\n<p class=\"has-text-align-center has-medium-font-size\">Mais \u00e9galement : f\u00eate communale, f\u00eate champ\u00eatre,&#8230;<\/p>\n\n\n\n<ul class=\"has-medium-font-size wp-block-list\">\n<li> Pourquoi ?<br>Nous organisons principalement des activit\u00e9s pour les enfants afin qu\u2019ils puissent s\u2019amuser, jouer, se retrouver, former des souvenirs d\u2019enfance&#8230;<br>Les b\u00e9n\u00e9fices de ces diff\u00e9rents \u00e9v\u00e9nements permettent de financer des sorties, des activit\u00e9s au sein de l\u2019\u00e9cole mais \u00e9galement de participer au financement de la classe d\u00e9couverte des \u00e9l\u00e8ves de primaire. <\/li>\n\n\n\n<li> Comment ?<br>Tout simplement gr\u00e2ce \u00e0 vous tous ! Comme toute association, sans la participation et le soutien de personnes b\u00e9n\u00e9voles ou de personnes participatives, rien ne peut se faire. Nous comptons sur vous !<\/li>\n<\/ul>\n\n\n\n<p><\/p>\n","protected":false},"excerpt":{"rendered":"<p>Mais \u00e9galement : f\u00eate communale, f\u00eate champ\u00eatre,&#8230;<\/p>\n","protected":false},"author":1,"featured_media":0,"parent":0,"menu_order":0,"comment_status":"closed","ping_status":"closed","template":"","meta":{"ngg_post_thumbnail":0,"footnotes":""},"class_list":["post-27","page","type-page","status-publish"],"jetpack_sharing_enabled":true,"_links":{"self":[{"href":"https:\/\/www.laparentelevimory.fr\/index.php?rest_route=\/wp\/v2\/pages\/27","targetHints":{"allow":["GET"]}}],"collection":[{"href":"https:\/\/www.laparentelevimory.fr\/index.php?rest_route=\/wp\/v2\/pages"}],"about":[{"href":"https:\/\/www.laparentelevimory.fr\/index.php?rest_route=\/wp\/v2\/types\/page"}],"author":[{"embeddable":true,"href":"https:\/\/www.laparentelevimory.fr\/index.php?rest_route=\/wp\/v2\/users\/1"}],"replies":[{"embeddable":true,"href":"https:\/\/www.laparentelevimory.fr\/index.php?rest_route=%2Fwp%2Fv2%2Fcomments&post=27"}],"version-history":[{"count":13,"href":"https:\/\/www.laparentelevimory.fr\/index.php?rest_route=\/wp\/v2\/pages\/27\/revisions"}],"predecessor-version":[{"id":1002,"href":"https:\/\/www.laparentelevimory.fr\/index.php?rest_route=\/wp\/v2\/pages\/27\/revisions\/1002"}],"wp:attachment":[{"href":"https:\/\/www.laparentelevimory.fr\/index.php?rest_route=%2Fwp%2Fv2%2Fmedia&parent=27"}],"curies":[{"name":"wp","href":"https:\/\/api.w.org\/{rel}","templated":true}]}}