{"id":1755,"date":"2025-09-10T12:31:27","date_gmt":"2025-09-10T10:31:27","guid":{"rendered":"https:\/\/www.laparentelevimory.fr\/?post_type=product&#038;p=1755"},"modified":"2025-09-10T12:32:22","modified_gmt":"2025-09-10T10:32:22","slug":"adhesion-la-parentele-vimory-2025-2026","status":"publish","type":"product","link":"https:\/\/www.laparentelevimory.fr\/?product=adhesion-la-parentele-vimory-2025-2026","title":{"rendered":"Adh\u00e9sion la Parent\u00e8le Vimory 2025-2026"},"content":{"rendered":"<p><span style=\"font-weight: 400\">Pour apporter votre contribution, vous pouvez adh\u00e9rer \u00e0 la Parent\u00e8le. Le montant est fix\u00e9 \u00e0 <\/span><b>3\u20ac<\/b><span style=\"font-weight: 400\"> (quel que soit le nombre d\u2019enfants). L\u2019adh\u00e9sion vous permet de b\u00e9n\u00e9ficier de tarifs pr\u00e9f\u00e9rentiels sur les diff\u00e9rentes activit\u00e9s propos\u00e9es. Vous pouvez si vous le souhaitez faire un don plus important!<\/span><\/p>\n","protected":false},"excerpt":{"rendered":"<p>Pour apporter votre contribution, vous pouvez adh\u00e9rer \u00e0 la Parent\u00e8le. Le montant est fix\u00e9 \u00e0 3\u20ac (quel que soit le nombre d\u2019enfants). L\u2019adh\u00e9sion vous permet de b\u00e9n\u00e9ficier de tarifs pr\u00e9f\u00e9rentiels sur les diff\u00e9rentes activit\u00e9s propos\u00e9es. Vous pouvez si vous le souhaitez faire un don plus important!<\/p>\n","protected":false},"featured_media":23,"comment_status":"open","ping_status":"closed","template":"","meta":{"ngg_post_thumbnail":0},"product_brand":[],"product_cat":[15],"product_tag":[],"class_list":{"0":"post-1755","1":"product","2":"type-product","3":"status-publish","4":"has-post-thumbnail","5":"product_cat-non-classe","7":"first","8":"instock","9":"sold-individually","10":"shipping-taxable","11":"purchasable","12":"product-type-simple"},"jetpack_sharing_enabled":true,"_links":{"self":[{"href":"https:\/\/www.laparentelevimory.fr\/index.php?rest_route=\/wp\/v2\/product\/1755","targetHints":{"allow":["GET"]}}],"collection":[{"href":"https:\/\/www.laparentelevimory.fr\/index.php?rest_route=\/wp\/v2\/product"}],"about":[{"href":"https:\/\/www.laparentelevimory.fr\/index.php?rest_route=\/wp\/v2\/types\/product"}],"replies":[{"embeddable":true,"href":"https:\/\/www.laparentelevimory.fr\/index.php?rest_route=%2Fwp%2Fv2%2Fcomments&post=1755"}],"wp:featuredmedia":[{"embeddable":true,"href":"https:\/\/www.laparentelevimory.fr\/index.php?rest_route=\/wp\/v2\/media\/23"}],"wp:attachment":[{"href":"https:\/\/www.laparentelevimory.fr\/index.php?rest_route=%2Fwp%2Fv2%2Fmedia&parent=1755"}],"wp:term":[{"taxonomy":"product_brand","embeddable":true,"href":"https:\/\/www.laparentelevimory.fr\/index.php?rest_route=%2Fwp%2Fv2%2Fproduct_brand&post=1755"},{"taxonomy":"product_cat","embeddable":true,"href":"https:\/\/www.laparentelevimory.fr\/index.php?rest_route=%2Fwp%2Fv2%2Fproduct_cat&post=1755"},{"taxonomy":"product_tag","embeddable":true,"href":"https:\/\/www.laparentelevimory.fr\/index.php?rest_route=%2Fwp%2Fv2%2Fproduct_tag&post=1755"}],"curies":[{"name":"wp","href":"https:\/\/api.w.org\/{rel}","templated":true}]}}